{"id":29,"date":"2024-05-03T19:24:06","date_gmt":"2024-05-03T19:24:06","guid":{"rendered":"https:\/\/comprarketaminaonline.com\/?page_id=29"},"modified":"2024-05-03T19:24:06","modified_gmt":"2024-05-03T19:24:06","slug":"como-comprar-how-to-purchase","status":"publish","type":"page","link":"https:\/\/comprarketaminaonline.com\/index.php\/como-comprar-how-to-purchase\/","title":{"rendered":"COMO COMPRAR\/ HOW TO PURCHASE"},"content":{"rendered":"<p><img loading=\"lazy\" decoding=\"async\" class=\"alignnone size-medium wp-image-9\" src=\"https:\/\/comprarketaminaonline.com\/wp-content\/uploads\/2024\/05\/ketamine3-300x173.jpeg\" alt=\"\" width=\"300\" height=\"173\" srcset=\"https:\/\/comprarketaminaonline.com\/wp-content\/uploads\/2024\/05\/ketamine3-300x173.jpeg 300w, https:\/\/comprarketaminaonline.com\/wp-content\/uploads\/2024\/05\/ketamine3-600x346.jpeg 600w, https:\/\/comprarketaminaonline.com\/wp-content\/uploads\/2024\/05\/ketamine3.jpeg 768w\" sizes=\"auto, (max-width: 300px) 100vw, 300px\" \/><\/p>\n<p>Somos una empresa emergente e innovadora en el mercado espa\u00f1ol y europeo, nuestro prop\u00f3sito es hacerte llegar tus productos de forma r\u00e1pida y discreta, brind\u00e1ndote la seguridad de que tus pedidos llegaran en el tiempo y forma convenidos, de antemano agradecemos a nuestros clientes su confianza, disfruta tu compra y tus productos. Bienvenido a ComprarKetaminaonline.com!<\/p>\n<p>We are an emerging and innovative company in the Spanish &#8211; euro market, our purpose is to deliver your products quickly and discreetly, giving you the security that your orders will arrive in time and manner, in advance we thank our customers for their trust, enjoy your purchase and your products. Welcome to ComprarKetaminaOnline.com!<\/p>\n<p>Como comprar \/ How to purchase<\/p>\n<p>Env\u00edanos un WhatsApp para realizar tu pedido, as\u00ed mismo conocer m\u00e1s de nuestros productos, formas de pago y tiempos de entrega.<\/p>\n<p>Send us a WhatsApp to place your order, as well as learn more about our products, payment methods and delivery times.<\/p>\n<div class='smartthreema_box'><img src='https:\/\/comprarketaminaonline.com\/wp-content\/plugins\/smart-threema\/images\/floating-button-threema-klein.png' class='smartthreema_img'><a href='https:\/\/three.ma\/JHXT6HHA' target='_blank' class='smartthreema_link'>Please Download Threema App<\/a><br><div class='smartthreema_minimsg'>to your Mobile Device and click again<\/div><\/div>","protected":false},"excerpt":{"rendered":"<p>Somos una empresa emergente e innovadora en el mercado espa\u00f1ol y europeo, nuestro prop\u00f3sito es hacerte llegar tus productos de forma r\u00e1pida y discreta, brind\u00e1ndote la seguridad de que tus pedidos llegaran en el tiempo y forma convenidos, de antemano <a class=\"more-link\" href=\"https:\/\/comprarketaminaonline.com\/index.php\/como-comprar-how-to-purchase\/\">Seguir leyendo <span class=\"screen-reader-text\">  COMO COMPRAR\/ HOW TO PURCHASE<\/span><span class=\"meta-nav\">&rarr;<\/span><\/a><\/p>\n","protected":false},"author":1,"featured_media":8,"parent":0,"menu_order":0,"comment_status":"closed","ping_status":"closed","template":"","meta":{"footnotes":""},"class_list":["post-29","page","type-page","status-publish","has-post-thumbnail","hentry"],"yoast_head":"<!-- This site is optimized with the Yoast SEO plugin v25.2 - https:\/\/yoast.com\/wordpress\/plugins\/seo\/ -->\n<title>COMO COMPRAR\/ HOW TO PURCHASE - Comprar Ketamina Online Envios Espa\u00f1a Europa - Secundario AttCliente +34631823674 \u2013 Threema: JHXT6HHA \u2013 Nestor (English support) EMAIL SOS: panterarosa1772@gmail.com \u2013 Nestor- Pago con Criptomonedas &amp; Facil Rapido Seguro -<\/title>\n<meta name=\"description\" content=\"Somos una empresa emergente e innovadora en el mercado espa\u00f1ol y europeo, nuestro prop\u00f3sito es hacerte llegar tus productos rapidos.\" \/>\n<meta name=\"robots\" content=\"index, follow, max-snippet:-1, max-image-preview:large, max-video-preview:-1\" \/>\n<link rel=\"canonical\" href=\"https:\/\/comprarketaminaonline.com\/index.php\/como-comprar-how-to-purchase\/\" \/>\n<meta property=\"og:locale\" content=\"es_ES\" \/>\n<meta property=\"og:type\" content=\"article\" \/>\n<meta property=\"og:title\" content=\"COMO COMPRAR\/ HOW TO PURCHASE - Comprar Ketamina Online Envios Espa\u00f1a Europa - Secundario AttCliente +34631823674 \u2013 Threema: JHXT6HHA \u2013 Nestor (English support) EMAIL SOS: panterarosa1772@gmail.com \u2013 Nestor- Pago con Criptomonedas &amp; Facil Rapido Seguro -\" \/>\n<meta property=\"og:description\" content=\"Somos una empresa emergente e innovadora en el mercado espa\u00f1ol y europeo, nuestro prop\u00f3sito es hacerte llegar tus productos rapidos.\" \/>\n<meta property=\"og:url\" content=\"https:\/\/comprarketaminaonline.com\/index.php\/como-comprar-how-to-purchase\/\" \/>\n<meta property=\"og:site_name\" content=\"Comprar Ketamina Online Envios Espa\u00f1a Europa - Secundario AttCliente +34631823674 \u2013 Threema: JHXT6HHA \u2013 Nestor (English support) EMAIL SOS: panterarosa1772@gmail.com \u2013 Nestor- Pago con Criptomonedas &amp; Facil Rapido Seguro -\" \/>\n<meta property=\"og:image\" content=\"https:\/\/comprarketaminaonline.com\/wp-content\/uploads\/2024\/05\/ketamine4.jpg\" \/>\n\t<meta property=\"og:image:width\" content=\"449\" \/>\n\t<meta property=\"og:image:height\" content=\"336\" \/>\n\t<meta property=\"og:image:type\" content=\"image\/jpeg\" \/>\n<meta name=\"twitter:card\" content=\"summary_large_image\" \/>\n<meta name=\"twitter:label1\" content=\"Tiempo de lectura\" \/>\n\t<meta name=\"twitter:data1\" content=\"2 minutos\" \/>\n<script type=\"application\/ld+json\" class=\"yoast-schema-graph\">{\"@context\":\"https:\/\/schema.org\",\"@graph\":[{\"@type\":\"WebPage\",\"@id\":\"https:\/\/comprarketaminaonline.com\/index.php\/como-comprar-how-to-purchase\/\",\"url\":\"https:\/\/comprarketaminaonline.com\/index.php\/como-comprar-how-to-purchase\/\",\"name\":\"COMO COMPRAR\/ HOW TO PURCHASE - Comprar Ketamina Online Envios Espa\u00f1a Europa - Secundario AttCliente +34631823674 \u2013 Threema: JHXT6HHA \u2013 Nestor (English support) EMAIL SOS: panterarosa1772@gmail.com \u2013 Nestor- Pago con Criptomonedas &amp; Facil Rapido Seguro -\",\"isPartOf\":{\"@id\":\"https:\/\/comprarketaminaonline.com\/#website\"},\"primaryImageOfPage\":{\"@id\":\"https:\/\/comprarketaminaonline.com\/index.php\/como-comprar-how-to-purchase\/#primaryimage\"},\"image\":{\"@id\":\"https:\/\/comprarketaminaonline.com\/index.php\/como-comprar-how-to-purchase\/#primaryimage\"},\"thumbnailUrl\":\"https:\/\/comprarketaminaonline.com\/wp-content\/uploads\/2024\/05\/ketamine4.jpg\",\"datePublished\":\"2024-05-03T19:24:06+00:00\",\"description\":\"Somos una empresa emergente e innovadora en el mercado espa\u00f1ol y europeo, nuestro prop\u00f3sito es hacerte llegar tus productos rapidos.\",\"breadcrumb\":{\"@id\":\"https:\/\/comprarketaminaonline.com\/index.php\/como-comprar-how-to-purchase\/#breadcrumb\"},\"inLanguage\":\"es\",\"potentialAction\":[{\"@type\":\"ReadAction\",\"target\":[\"https:\/\/comprarketaminaonline.com\/index.php\/como-comprar-how-to-purchase\/\"]}]},{\"@type\":\"ImageObject\",\"inLanguage\":\"es\",\"@id\":\"https:\/\/comprarketaminaonline.com\/index.php\/como-comprar-how-to-purchase\/#primaryimage\",\"url\":\"https:\/\/comprarketaminaonline.com\/wp-content\/uploads\/2024\/05\/ketamine4.jpg\",\"contentUrl\":\"https:\/\/comprarketaminaonline.com\/wp-content\/uploads\/2024\/05\/ketamine4.jpg\",\"width\":449,\"height\":336},{\"@type\":\"BreadcrumbList\",\"@id\":\"https:\/\/comprarketaminaonline.com\/index.php\/como-comprar-how-to-purchase\/#breadcrumb\",\"itemListElement\":[{\"@type\":\"ListItem\",\"position\":1,\"name\":\"Portada\",\"item\":\"https:\/\/comprarketaminaonline.com\/\"},{\"@type\":\"ListItem\",\"position\":2,\"name\":\"COMO COMPRAR\/ HOW TO PURCHASE\"}]},{\"@type\":\"WebSite\",\"@id\":\"https:\/\/comprarketaminaonline.com\/#website\",\"url\":\"https:\/\/comprarketaminaonline.com\/\",\"name\":\"Comprar Ketamina Online Envios Espa\u00f1a Europa - Secundario AttCliente +34631823674 \u2013 Threema: JHXT6HHA \u2013 Nestor (English support) EMAIL SOS: panterarosa1772@gmail.com \u2013 Nestor- Pago con Criptomonedas &amp; Facil Rapido Seguro -\",\"description\":\"Comprar Ketamina Madrid, Donde pillar ketamina en madrid, comprar ketamina valencia, comprar ketamina en linea, comprar ketamina colombia, comprar ketamina holanda, comprar ketamina alicante, comprar ketamina paris, comprar ketamina albacete, comprar ketamina ceuta, comprar ketamina, ketamina buena, comprarketamina, donde pillar ketamina, ketamina en polvo, energy control ketamina, comprar ketamina holandesa, ketamina de la india, ketamina fresca, cocinar ketamina, como cocina ketamina, ketamina buena, ketamina tutorial, ketamina a bajo precio, ketamina isomerica, ketamina en gramo, la reina de la ketamina, ketamina a precio bueno, kilo de ketamina, 10 gramos de ketamina, 100 gramos de ketamina, pillar ketamina a domicilio, ketamina criptomonedas\",\"publisher\":{\"@id\":\"https:\/\/comprarketaminaonline.com\/#organization\"},\"potentialAction\":[{\"@type\":\"SearchAction\",\"target\":{\"@type\":\"EntryPoint\",\"urlTemplate\":\"https:\/\/comprarketaminaonline.com\/?s={search_term_string}\"},\"query-input\":{\"@type\":\"PropertyValueSpecification\",\"valueRequired\":true,\"valueName\":\"search_term_string\"}}],\"inLanguage\":\"es\"},{\"@type\":\"Organization\",\"@id\":\"https:\/\/comprarketaminaonline.com\/#organization\",\"name\":\"Comprar Ketamina Online Envios Espa\u00f1a Europa - Secundario AttCliente +34631823674 \u2013 Threema: JHXT6HHA \u2013 Nestor (English support) EMAIL SOS: panterarosa1772@gmail.com \u2013 Nestor- Pago con Criptomonedas &amp; Facil Rapido Seguro -\",\"url\":\"https:\/\/comprarketaminaonline.com\/\",\"logo\":{\"@type\":\"ImageObject\",\"inLanguage\":\"es\",\"@id\":\"https:\/\/comprarketaminaonline.com\/#\/schema\/logo\/image\/\",\"url\":\"https:\/\/comprarketaminaonline.com\/wp-content\/uploads\/2024\/05\/cropped-cropped-ketamine1-1-1.jpg\",\"contentUrl\":\"https:\/\/comprarketaminaonline.com\/wp-content\/uploads\/2024\/05\/cropped-cropped-ketamine1-1-1.jpg\",\"width\":512,\"height\":213,\"caption\":\"Comprar Ketamina Online Envios Espa\u00f1a Europa - Secundario AttCliente +34631823674 \u2013 Threema: JHXT6HHA \u2013 Nestor (English support) EMAIL SOS: panterarosa1772@gmail.com   \u2013 Nestor- Pago con Criptomonedas &amp; Facil Rapido Seguro -\"},\"image\":{\"@id\":\"https:\/\/comprarketaminaonline.com\/#\/schema\/logo\/image\/\"}}]}<\/script>\n<!-- \/ Yoast SEO plugin. -->","yoast_head_json":{"title":"COMO COMPRAR\/ HOW TO PURCHASE - Comprar Ketamina Online Envios Espa\u00f1a Europa - Secundario AttCliente +34631823674 \u2013 Threema: JHXT6HHA \u2013 Nestor (English support) EMAIL SOS: panterarosa1772@gmail.com \u2013 Nestor- Pago con Criptomonedas &amp; Facil Rapido Seguro -","description":"Somos una empresa emergente e innovadora en el mercado espa\u00f1ol y europeo, nuestro prop\u00f3sito es hacerte llegar tus productos rapidos.","robots":{"index":"index","follow":"follow","max-snippet":"max-snippet:-1","max-image-preview":"max-image-preview:large","max-video-preview":"max-video-preview:-1"},"canonical":"https:\/\/comprarketaminaonline.com\/index.php\/como-comprar-how-to-purchase\/","og_locale":"es_ES","og_type":"article","og_title":"COMO COMPRAR\/ HOW TO PURCHASE - Comprar Ketamina Online Envios Espa\u00f1a Europa - Secundario AttCliente +34631823674 \u2013 Threema: JHXT6HHA \u2013 Nestor (English support) EMAIL SOS: panterarosa1772@gmail.com \u2013 Nestor- Pago con Criptomonedas &amp; Facil Rapido Seguro -","og_description":"Somos una empresa emergente e innovadora en el mercado espa\u00f1ol y europeo, nuestro prop\u00f3sito es hacerte llegar tus productos rapidos.","og_url":"https:\/\/comprarketaminaonline.com\/index.php\/como-comprar-how-to-purchase\/","og_site_name":"Comprar Ketamina Online Envios Espa\u00f1a Europa - Secundario AttCliente +34631823674 \u2013 Threema: JHXT6HHA \u2013 Nestor (English support) EMAIL SOS: panterarosa1772@gmail.com \u2013 Nestor- Pago con Criptomonedas &amp; Facil Rapido Seguro -","og_image":[{"width":449,"height":336,"url":"https:\/\/comprarketaminaonline.com\/wp-content\/uploads\/2024\/05\/ketamine4.jpg","type":"image\/jpeg"}],"twitter_card":"summary_large_image","twitter_misc":{"Tiempo de lectura":"2 minutos"},"schema":{"@context":"https:\/\/schema.org","@graph":[{"@type":"WebPage","@id":"https:\/\/comprarketaminaonline.com\/index.php\/como-comprar-how-to-purchase\/","url":"https:\/\/comprarketaminaonline.com\/index.php\/como-comprar-how-to-purchase\/","name":"COMO COMPRAR\/ HOW TO PURCHASE - Comprar Ketamina Online Envios Espa\u00f1a Europa - Secundario AttCliente +34631823674 \u2013 Threema: JHXT6HHA \u2013 Nestor (English support) EMAIL SOS: panterarosa1772@gmail.com \u2013 Nestor- Pago con Criptomonedas &amp; Facil Rapido Seguro -","isPartOf":{"@id":"https:\/\/comprarketaminaonline.com\/#website"},"primaryImageOfPage":{"@id":"https:\/\/comprarketaminaonline.com\/index.php\/como-comprar-how-to-purchase\/#primaryimage"},"image":{"@id":"https:\/\/comprarketaminaonline.com\/index.php\/como-comprar-how-to-purchase\/#primaryimage"},"thumbnailUrl":"https:\/\/comprarketaminaonline.com\/wp-content\/uploads\/2024\/05\/ketamine4.jpg","datePublished":"2024-05-03T19:24:06+00:00","description":"Somos una empresa emergente e innovadora en el mercado espa\u00f1ol y europeo, nuestro prop\u00f3sito es hacerte llegar tus productos rapidos.","breadcrumb":{"@id":"https:\/\/comprarketaminaonline.com\/index.php\/como-comprar-how-to-purchase\/#breadcrumb"},"inLanguage":"es","potentialAction":[{"@type":"ReadAction","target":["https:\/\/comprarketaminaonline.com\/index.php\/como-comprar-how-to-purchase\/"]}]},{"@type":"ImageObject","inLanguage":"es","@id":"https:\/\/comprarketaminaonline.com\/index.php\/como-comprar-how-to-purchase\/#primaryimage","url":"https:\/\/comprarketaminaonline.com\/wp-content\/uploads\/2024\/05\/ketamine4.jpg","contentUrl":"https:\/\/comprarketaminaonline.com\/wp-content\/uploads\/2024\/05\/ketamine4.jpg","width":449,"height":336},{"@type":"BreadcrumbList","@id":"https:\/\/comprarketaminaonline.com\/index.php\/como-comprar-how-to-purchase\/#breadcrumb","itemListElement":[{"@type":"ListItem","position":1,"name":"Portada","item":"https:\/\/comprarketaminaonline.com\/"},{"@type":"ListItem","position":2,"name":"COMO COMPRAR\/ HOW TO PURCHASE"}]},{"@type":"WebSite","@id":"https:\/\/comprarketaminaonline.com\/#website","url":"https:\/\/comprarketaminaonline.com\/","name":"Comprar Ketamina Online Envios Espa\u00f1a Europa - Secundario AttCliente +34631823674 \u2013 Threema: JHXT6HHA \u2013 Nestor (English support) EMAIL SOS: panterarosa1772@gmail.com \u2013 Nestor- Pago con Criptomonedas &amp; Facil Rapido Seguro -","description":"Comprar Ketamina Madrid, Donde pillar ketamina en madrid, comprar ketamina valencia, comprar ketamina en linea, comprar ketamina colombia, comprar ketamina holanda, comprar ketamina alicante, comprar ketamina paris, comprar ketamina albacete, comprar ketamina ceuta, comprar ketamina, ketamina buena, comprarketamina, donde pillar ketamina, ketamina en polvo, energy control ketamina, comprar ketamina holandesa, ketamina de la india, ketamina fresca, cocinar ketamina, como cocina ketamina, ketamina buena, ketamina tutorial, ketamina a bajo precio, ketamina isomerica, ketamina en gramo, la reina de la ketamina, ketamina a precio bueno, kilo de ketamina, 10 gramos de ketamina, 100 gramos de ketamina, pillar ketamina a domicilio, ketamina criptomonedas","publisher":{"@id":"https:\/\/comprarketaminaonline.com\/#organization"},"potentialAction":[{"@type":"SearchAction","target":{"@type":"EntryPoint","urlTemplate":"https:\/\/comprarketaminaonline.com\/?s={search_term_string}"},"query-input":{"@type":"PropertyValueSpecification","valueRequired":true,"valueName":"search_term_string"}}],"inLanguage":"es"},{"@type":"Organization","@id":"https:\/\/comprarketaminaonline.com\/#organization","name":"Comprar Ketamina Online Envios Espa\u00f1a Europa - Secundario AttCliente +34631823674 \u2013 Threema: JHXT6HHA \u2013 Nestor (English support) EMAIL SOS: panterarosa1772@gmail.com \u2013 Nestor- Pago con Criptomonedas &amp; Facil Rapido Seguro -","url":"https:\/\/comprarketaminaonline.com\/","logo":{"@type":"ImageObject","inLanguage":"es","@id":"https:\/\/comprarketaminaonline.com\/#\/schema\/logo\/image\/","url":"https:\/\/comprarketaminaonline.com\/wp-content\/uploads\/2024\/05\/cropped-cropped-ketamine1-1-1.jpg","contentUrl":"https:\/\/comprarketaminaonline.com\/wp-content\/uploads\/2024\/05\/cropped-cropped-ketamine1-1-1.jpg","width":512,"height":213,"caption":"Comprar Ketamina Online Envios Espa\u00f1a Europa - Secundario AttCliente +34631823674 \u2013 Threema: JHXT6HHA \u2013 Nestor (English support) EMAIL SOS: panterarosa1772@gmail.com   \u2013 Nestor- Pago con Criptomonedas &amp; Facil Rapido Seguro -"},"image":{"@id":"https:\/\/comprarketaminaonline.com\/#\/schema\/logo\/image\/"}}]}},"_links":{"self":[{"href":"https:\/\/comprarketaminaonline.com\/index.php\/wp-json\/wp\/v2\/pages\/29","targetHints":{"allow":["GET"]}}],"collection":[{"href":"https:\/\/comprarketaminaonline.com\/index.php\/wp-json\/wp\/v2\/pages"}],"about":[{"href":"https:\/\/comprarketaminaonline.com\/index.php\/wp-json\/wp\/v2\/types\/page"}],"author":[{"embeddable":true,"href":"https:\/\/comprarketaminaonline.com\/index.php\/wp-json\/wp\/v2\/users\/1"}],"replies":[{"embeddable":true,"href":"https:\/\/comprarketaminaonline.com\/index.php\/wp-json\/wp\/v2\/comments?post=29"}],"version-history":[{"count":1,"href":"https:\/\/comprarketaminaonline.com\/index.php\/wp-json\/wp\/v2\/pages\/29\/revisions"}],"predecessor-version":[{"id":30,"href":"https:\/\/comprarketaminaonline.com\/index.php\/wp-json\/wp\/v2\/pages\/29\/revisions\/30"}],"wp:featuredmedia":[{"embeddable":true,"href":"https:\/\/comprarketaminaonline.com\/index.php\/wp-json\/wp\/v2\/media\/8"}],"wp:attachment":[{"href":"https:\/\/comprarketaminaonline.com\/index.php\/wp-json\/wp\/v2\/media?parent=29"}],"curies":[{"name":"wp","href":"https:\/\/api.w.org\/{rel}","templated":true}]}}