{"id":25,"date":"2024-05-03T19:20:56","date_gmt":"2024-05-03T19:20:56","guid":{"rendered":"https:\/\/comprarketaminaonline.com\/?page_id=25"},"modified":"2024-05-03T19:20:56","modified_gmt":"2024-05-03T19:20:56","slug":"metatags4","status":"publish","type":"page","link":"https:\/\/comprarketaminaonline.com\/index.php\/metatags4\/","title":{"rendered":"metatags4"},"content":{"rendered":"<p>polvo ketamina<br \/>\nketamina polvo de angel<br \/>\nlas tachas cristal polvo de \u00e1ngel y la ketamina son<br \/>\nketamina bayer en polvo<br \/>\ndosis de ketamina en polvo<br \/>\nketamina en espa\u00f1ol<br \/>\nketaminas para que se usa<br \/>\ngel polish kit<br \/>\ngel polish amazon<br \/>\n512 efectos<\/p>\n<p>ketamine powder<br \/>\nketamine powder for pain<br \/>\nketamine powder for compounding<br \/>\nketamine powder compound<br \/>\npowder coating<br \/>\npowder coating espa\u00f1ol<br \/>\npowder coating paint<br \/>\npowder coating process<br \/>\nketamine hcl powder used for<br \/>\npowder paint<br \/>\nhow powder coating works<br \/>\npowder nail polish<br \/>\npowder gel nails<br \/>\nmedisca ketamine powder<br \/>\npowder coating machine<br \/>\nketaminas para que se usa<br \/>\npara que es phentermine<br \/>\nque es powder coating<br \/>\nwhat is ketamine hcl powder<br \/>\nx strength primer<br \/>\nx ley remix<br \/>\nx2 performance pre workout<br \/>\nzetamix<br \/>\nketamin pet 10 ml<br \/>\npowder coating gun<br \/>\nkh 9<br \/>\n9 dan karate<\/p>\n<p>ketamin<br \/>\nketamin pet<br \/>\nwas ist ketamin<br \/>\nvad \u00e4r ketamin<br \/>\nketamin droga<br \/>\nketamin behandling<br \/>\nketamin behandling oslo<br \/>\nketamin blase<br \/>\nketamin behandling bergen<br \/>\nketamin btm<br \/>\nketamin behandling stockholm<br \/>\nketamin behandling pris<br \/>\nketamin behandling norge<br \/>\nketamin berlin<br \/>\nketamin behandling stavanger<br \/>\nburundan ketamin \u00e7ekmek<br \/>\nbula ketamin<br \/>\nbenzos und ketamin<br \/>\nbtmg ketamin<br \/>\nberlin ketamin<br \/>\nbet\u00e4ubungsmittel ketamin<br \/>\nbehandling ketamin<br \/>\nbenzodiazepin ketamin<br \/>\nbali ketamin<br \/>\nbehandling depresjon ketamin<br \/>\nketamin cristalia<br \/>\nketamin cena<br \/>\nketamin cream<br \/>\nketamin clinic near me<br \/>\nketamin class of drug<br \/>\nketamin creme<br \/>\nketamin dosis<br \/>\nketamin deutsch<br \/>\nketamin drog hat\u00e1sai<br \/>\nketamin doccheck<br \/>\nketamin depression erfahrungen<br \/>\nketamin drogentest polizei<br \/>\nketamin drip<br \/>\nketamin dosierung nasal<br \/>\ndosis ketamin<br \/>\ndroga ketamin<br \/>\ndrugscout ketamin<br \/>\ndosierung s ketamin<br \/>\ndrug class of ketamin<br \/>\ndrip ketamin<br \/>\ndosing ketamin<br \/>\ndrogentest polizei ketamin<br \/>\ndepressionen ketamin<br \/>\nes ketamin<br \/>\nefek ketamin<br \/>\nentzugserscheinungen ketamin<br \/>\neinnahme ketamin<br \/>\nerfahrungen ketamin<br \/>\nerfahrungsbericht ketamin<br \/>\nek\u015fi ketamin<br \/>\nesketamin ketamin unterschied<br \/>\nentzug ketamin<br \/>\neffekt ketamin<br \/>\nketamin golongan obat apa<br \/>\nketamin gegen depressionen<br \/>\nketamin golongan obat<br \/>\nketamin golongan narkotika<br \/>\nketamin gelbe liste<br \/>\nketamin geschmack<br \/>\nketamin generik<br \/>\nketamin gi\u00e1 bao nhi\u00eau<br \/>\ngi\u00e1 1 ch\u1ec9 ketamin<br \/>\ngegenmittel ketamin<br \/>\ngelbe liste ketamin<br \/>\nglutamat ketamin<br \/>\ngbl ketamin<br \/>\ngras und ketamin<br \/>\ngefahren ketamin<br \/>\ngaba ketamin<br \/>\ngolongan ketamin<br \/>\ngeruch ketamin<br \/>\nketamin hat\u00e1sa<br \/>\nketamin harga<br \/>\nketamin h\u00e4st<br \/>\nhund ketamin<br \/>\nhva er ketamin<br \/>\nhvad er ketamin<br \/>\nhorse ketamin<br \/>\nhalbwertszeit ketamin<br \/>\nhole ketamin<br \/>\nketamin inyectable<br \/>\nketamin inresa<br \/>\nketamin inresa 10 ml<br \/>\nketamin inj<br \/>\nketamin im urin nachweisbar<br \/>\nketamin im<br \/>\nketamin inresa 10ml 500mg<br \/>\nketamin icp<br \/>\ninresa ketamin<br \/>\ninjection ketamin<br \/>\nist ketamin<br \/>\nketamin je<br \/>\nketamin jelent\u00e9se<br \/>\nketamin juckreiz<br \/>\nketamin jurnal<br \/>\nketamin jellemz\u0151i<br \/>\njak poznat ketamin<br \/>\nje ketamin legalni<br \/>\njeden tag ketamin<br \/>\njak funguje ketamin<br \/>\njak se pouziva ketamin<br \/>\njak pusobi ketamin<br \/>\njuckreiz ketamin<br \/>\njunkie ketamin<br \/>\nsto je ketamin<br \/>\nk\u1eb9o ketamin<br \/>\nketanest ketamin<br \/>\nkaj je ketamin<br \/>\nkesan ketamin<br \/>\nk jako ketamin<br \/>\nkatze ketamin<br \/>\nkombinasi ketamin dan xylazine<br \/>\nkontraindikationen ketamin<br \/>\nkosten ketamin<br \/>\nkosten ketamin therapie<br \/>\nketamin l\u00e0 g\u00ec<br \/>\nketamin lijek<br \/>\nketamin lek<br \/>\nketamin langzeitfolgen<br \/>\nma t\u00fay ketamin l\u00e0 g\u00ec<br \/>\nmedikament ketamin<br \/>\nmissbrauch ketamin<br \/>\nmischkonsum ketamin<br \/>\nmatthew ketamin<br \/>\nketamin nedir<br \/>\nketamin nedir ne i\u00e7in kullan\u0131l\u0131r<br \/>\nketamin nebenwirkungen<br \/>\nketamin narkoba<br \/>\nketamin nasenspray<br \/>\nketamin nachweisbarkeit<br \/>\nketamin n\u00e4sspray<br \/>\nnghi\u1ec7n ketamin<br \/>\nnarkosemittel ketamin<br \/>\nnpsg ketamin<br \/>\nnachwirkungen ketamin<br \/>\nnarkose ketamin<br \/>\nnarkoba ketamin<br \/>\nnachweisbarkeit ketamin blut<br \/>\nnmda rezeptor ketamin<br \/>\nneedle ketamin<br \/>\nnesespray ketamin<br \/>\n\u00f1 k \u00f1<br \/>\nobat ketamin hewan<br \/>\nopiat ketamin<br \/>\noperation ketamin<br \/>\noral ketamin<br \/>\nhorse on ketamin<br \/>\nketamin para que sirve<br \/>\nketamin precio<br \/>\nketamin pet para que sirve<br \/>\nketamin pet aranda<br \/>\nketamin pet ficha tecnica<br \/>\nketamin pet en humanos<br \/>\nketamin pet aranda precio<br \/>\nketamin pets<br \/>\npartydroge ketamin<br \/>\nprecio ketamin pet<br \/>\npferdebet\u00e4ubungsmittel ketamin<br \/>\npferde ketamin<br \/>\npara que serve ketamin<br \/>\npsychotherapie ketamin<br \/>\nprincipio ativo ketamin<br \/>\npolizei drogentest ketamin<br \/>\nprecio ketamin<br \/>\nketamin que es<br \/>\nketamin que contiene<br \/>\nketamin formula quimica<br \/>\nketamin para que serve<br \/>\nketamin np para que serve<br \/>\nb\u1ea3o qu\u1ea3n ketamin<br \/>\nketamin qt zeit<br \/>\nketamin qiymeti<br \/>\nque test ketamin<br \/>\nque th\u1eed ketamin<br \/>\npara que serve cetamina<br \/>\npara que serve o ketamin<br \/>\npara que sirve el ketamin<br \/>\npara q sirve el ketamin<br \/>\nketamin recept<br \/>\nthu\u1ed1c ketamin<br \/>\nt\u00e1c d\u1ee5ng c\u1ee7a ketamin<br \/>\ntoleranz ketamin<br \/>\ntherapie depression ketamin<br \/>\ntiermedizin ketamin<br \/>\ntod ketamin<br \/>\ntodesf\u00e4lle ketamin<br \/>\nt\u00f6dliche dosis ketamin<br \/>\nt\u00e1c d\u1ee5ng ph\u1ee5 c\u1ee7a ketamin<br \/>\ntake ketamin<br \/>\nketamin untuk apa<br \/>\nketamin und alkohol<br \/>\nketamin untuk<br \/>\nketamin und benzos<br \/>\nketamin uyusturucu nedir<br \/>\nketamin \u00fa\u010dinky<br \/>\nurintest ketamin<br \/>\nunicorn on ketamin merch<br \/>\nuyu\u015fturucu ketamin<br \/>\nunterschied ketamin und esketamin<br \/>\nunterschied ketamin und ketanest<br \/>\nucinky ketamin<br \/>\nalkohol und ketamin<br \/>\nketamin virkning<br \/>\nketamin vetpharm<br \/>\nvitamin diye ketamin veren doktor<br \/>\nv\u00e5rt lille land ketamin<br \/>\nvad anv\u00e4nds ketamin till<br \/>\nvad g\u00f6r ketamin<br \/>\nverschiedene ketamin sorten<br \/>\nveteriner ketamin<br \/>\nvon ketamin runterkommen<br \/>\nverkehrskontrolle ketamin<br \/>\nviagra und ketamin<br \/>\nketamin wirkung<br \/>\nketamin was ist das<br \/>\nketamin wirkungsdauer<br \/>\nketamin wirkstoff<br \/>\nketamin wirkmechanismus<br \/>\nketamin wirkdauer<br \/>\nketamin wie lange nachweisbar<br \/>\nketamin wirkung depression<br \/>\nketamin wirkung dauer<br \/>\nketamin wikipedia english<br \/>\nwie wirkt ketamin<br \/>\nwirkung ketamin<br \/>\nwas ist ketamin droge<br \/>\nwirkungsdauer ketamin<br \/>\nwhat is ketamin injection<br \/>\nxanax ketamin mischkonsum<br \/>\nx\u00e9t nghi\u1ec7m ketamin<br \/>\nx\u00e0o ketamin<br \/>\nxylometazolinhydrochlorid ketamin<br \/>\nxylazin ketamin unterschied<br \/>\nxylazin und ketamin<br \/>\nxylazin ketamin hund<br \/>\nxtc ketamin<br \/>\nketamin \u0111\u01b0\u1ee3c s\u1ea3n xu\u1ea5t nh\u01b0 th\u1ebf n\u00e0o<br \/>\nketamin xylazin narkose katze<br \/>\nyakari ketamin lyrics<br \/>\nyakari ketamin sample<br \/>\nyakari ketamin<br \/>\nyakary ketamin lyric<br \/>\nketamin yakari lyrics<br \/>\nketamin znacenje<br \/>\nketamin za depresiju<br \/>\nketamin za konje<br \/>\nketamin ziehen<br \/>\nketamin zdravilo<br \/>\nketamin ziehen wirkung<br \/>\nketamin zararlar\u0131<br \/>\nketamin zum einschlafen<br \/>\nketamin zum runterkommen<br \/>\nketamin zusammensetzung<br \/>\nzu viel ketamin<br \/>\nzu viel ketamin was tun<br \/>\nzeit ketamin<br \/>\nzu welcher gruppe geh\u00f6rt ketamin<br \/>\nzu was z\u00e4hlt ketamin<br \/>\nzero pain philosophy ketamin<br \/>\nzolpidem ketamin<br \/>\nzahnarzt ketamin<br \/>\nzusammensetzung ketamin<br \/>\nz ceho je ketamin<br \/>\nketamin 10<br \/>\nketamin 10 inj<br \/>\nketamin 10 ml<br \/>\nketamin 100 mg<br \/>\nketamin 1 mg<br \/>\nketamin 10 mg\/ml<br \/>\nketamin 10 ml price<br \/>\nketamin 10 ml use in hindi<br \/>\nketamin 10 serumwerk<br \/>\n1 ch\u1ec9 ketamin la bao nhi\u00eau gam<br \/>\n1 u\u1ed1n ketamin<br \/>\n1 ch\u1ea5m ketamin la bao nhi\u00eau gam<br \/>\n1kg ketamin<br \/>\n1 ch\u1ec9 ketamin<br \/>\n1 gam ketamin<br \/>\n1 5 gam ketamin<br \/>\n1 gramm ketamin<br \/>\n10 mg ketamin<br \/>\n100mg ketamin<br \/>\n25 mg ketamin<br \/>\nketamin 25 ml<br \/>\namitriptylin 2 \/ ketamin 4 salbe<br \/>\namitriptylin 4 ketamin 2 gel<br \/>\nketamin pet 10 ml<br \/>\nketaminas para que se usa<br \/>\nketamin-pet<br \/>\nkemata<br \/>\n4g ketamin<br \/>\nketamin 50 ml<br \/>\nketamin 50mg\/ml pre\u00e7o<br \/>\nthu\u1ed1c ketamin 500mg<br \/>\nharga ketamin 50 ml<br \/>\nh\u1ed9p 5 ketamin gi\u00e1 bao nhi\u1ec1u<br \/>\nh\u1ed9p 5 ketamin<br \/>\nketamin 50 mg<br \/>\n50 mg ketamin<br \/>\nketamin 50ml<br \/>\nketamin 50<br \/>\nketamin inresa 10 ml 50 mg<br \/>\nketamin np 50 mg\/ml<br \/>\n700 kg ketamin<br \/>\n700 kilo ketamin<br \/>\n7 kingin<br \/>\n7kk<br \/>\n9kl<br \/>\n9 dan karate<\/p>\n<div class='smartthreema_box'><img src='https:\/\/comprarketaminaonline.com\/wp-content\/plugins\/smart-threema\/images\/floating-button-threema-klein.png' class='smartthreema_img'><a href='https:\/\/three.ma\/JHXT6HHA' target='_blank' class='smartthreema_link'>Please Download Threema App<\/a><br><div class='smartthreema_minimsg'>to your Mobile Device and click again<\/div><\/div>","protected":false},"excerpt":{"rendered":"<p>polvo ketamina ketamina polvo de angel las tachas cristal polvo de \u00e1ngel y la ketamina son ketamina bayer en polvo dosis de ketamina en polvo ketamina en espa\u00f1ol ketaminas para que se usa gel polish kit gel polish amazon 512 <a class=\"more-link\" href=\"https:\/\/comprarketaminaonline.com\/index.php\/metatags4\/\">Seguir leyendo <span class=\"screen-reader-text\">  metatags4<\/span><span class=\"meta-nav\">&rarr;<\/span><\/a><\/p>\n","protected":false},"author":1,"featured_media":10,"parent":0,"menu_order":0,"comment_status":"closed","ping_status":"closed","template":"","meta":{"footnotes":""},"class_list":["post-25","page","type-page","status-publish","has-post-thumbnail","hentry"],"yoast_head":"<!-- This site is optimized with the Yoast SEO plugin v25.2 - https:\/\/yoast.com\/wordpress\/plugins\/seo\/ -->\n<title>metatags4 - Comprar Ketamina Online Envios Espa\u00f1a Europa - Secundario AttCliente +34631823674 \u2013 Threema: JHXT6HHA \u2013 Nestor (English support) EMAIL SOS: panterarosa1772@gmail.com \u2013 Nestor- Pago con Criptomonedas &amp; Facil Rapido Seguro -<\/title>\n<meta name=\"description\" content=\"Viva la ketamina, ketamina pamplona, ketamina navarra, ketamina euskadi, ketamina barcelona, ketamina paris, ketamina andorra, ketamina murcia\" \/>\n<meta name=\"robots\" content=\"index, follow, max-snippet:-1, max-image-preview:large, max-video-preview:-1\" \/>\n<link rel=\"canonical\" href=\"https:\/\/comprarketaminaonline.com\/index.php\/metatags4\/\" \/>\n<meta property=\"og:locale\" content=\"es_ES\" \/>\n<meta property=\"og:type\" content=\"article\" \/>\n<meta property=\"og:title\" content=\"metatags4 - Comprar Ketamina Online Envios Espa\u00f1a Europa - Secundario AttCliente +34631823674 \u2013 Threema: JHXT6HHA \u2013 Nestor (English support) EMAIL SOS: panterarosa1772@gmail.com \u2013 Nestor- Pago con Criptomonedas &amp; Facil Rapido Seguro -\" \/>\n<meta property=\"og:description\" content=\"Viva la ketamina, ketamina pamplona, ketamina navarra, ketamina euskadi, ketamina barcelona, ketamina paris, ketamina andorra, ketamina murcia\" \/>\n<meta property=\"og:url\" content=\"https:\/\/comprarketaminaonline.com\/index.php\/metatags4\/\" \/>\n<meta property=\"og:site_name\" content=\"Comprar Ketamina Online Envios Espa\u00f1a Europa - Secundario AttCliente +34631823674 \u2013 Threema: JHXT6HHA \u2013 Nestor (English support) EMAIL SOS: panterarosa1772@gmail.com \u2013 Nestor- Pago con Criptomonedas &amp; Facil Rapido Seguro -\" \/>\n<meta property=\"og:image\" content=\"https:\/\/comprarketaminaonline.com\/wp-content\/uploads\/2024\/05\/ketamine2.jpg\" \/>\n\t<meta property=\"og:image:width\" content=\"768\" \/>\n\t<meta property=\"og:image:height\" content=\"512\" \/>\n\t<meta property=\"og:image:type\" content=\"image\/jpeg\" \/>\n<meta name=\"twitter:card\" content=\"summary_large_image\" \/>\n<meta name=\"twitter:label1\" content=\"Tiempo de lectura\" \/>\n\t<meta name=\"twitter:data1\" content=\"5 minutos\" \/>\n<script type=\"application\/ld+json\" class=\"yoast-schema-graph\">{\"@context\":\"https:\/\/schema.org\",\"@graph\":[{\"@type\":\"WebPage\",\"@id\":\"https:\/\/comprarketaminaonline.com\/index.php\/metatags4\/\",\"url\":\"https:\/\/comprarketaminaonline.com\/index.php\/metatags4\/\",\"name\":\"metatags4 - Comprar Ketamina Online Envios Espa\u00f1a Europa - Secundario AttCliente +34631823674 \u2013 Threema: JHXT6HHA \u2013 Nestor (English support) EMAIL SOS: panterarosa1772@gmail.com \u2013 Nestor- Pago con Criptomonedas &amp; Facil Rapido Seguro -\",\"isPartOf\":{\"@id\":\"https:\/\/comprarketaminaonline.com\/#website\"},\"primaryImageOfPage\":{\"@id\":\"https:\/\/comprarketaminaonline.com\/index.php\/metatags4\/#primaryimage\"},\"image\":{\"@id\":\"https:\/\/comprarketaminaonline.com\/index.php\/metatags4\/#primaryimage\"},\"thumbnailUrl\":\"https:\/\/comprarketaminaonline.com\/wp-content\/uploads\/2024\/05\/ketamine2.jpg\",\"datePublished\":\"2024-05-03T19:20:56+00:00\",\"description\":\"Viva la ketamina, ketamina pamplona, ketamina navarra, ketamina euskadi, ketamina barcelona, ketamina paris, ketamina andorra, ketamina murcia\",\"breadcrumb\":{\"@id\":\"https:\/\/comprarketaminaonline.com\/index.php\/metatags4\/#breadcrumb\"},\"inLanguage\":\"es\",\"potentialAction\":[{\"@type\":\"ReadAction\",\"target\":[\"https:\/\/comprarketaminaonline.com\/index.php\/metatags4\/\"]}]},{\"@type\":\"ImageObject\",\"inLanguage\":\"es\",\"@id\":\"https:\/\/comprarketaminaonline.com\/index.php\/metatags4\/#primaryimage\",\"url\":\"https:\/\/comprarketaminaonline.com\/wp-content\/uploads\/2024\/05\/ketamine2.jpg\",\"contentUrl\":\"https:\/\/comprarketaminaonline.com\/wp-content\/uploads\/2024\/05\/ketamine2.jpg\",\"width\":768,\"height\":512},{\"@type\":\"BreadcrumbList\",\"@id\":\"https:\/\/comprarketaminaonline.com\/index.php\/metatags4\/#breadcrumb\",\"itemListElement\":[{\"@type\":\"ListItem\",\"position\":1,\"name\":\"Portada\",\"item\":\"https:\/\/comprarketaminaonline.com\/\"},{\"@type\":\"ListItem\",\"position\":2,\"name\":\"metatags4\"}]},{\"@type\":\"WebSite\",\"@id\":\"https:\/\/comprarketaminaonline.com\/#website\",\"url\":\"https:\/\/comprarketaminaonline.com\/\",\"name\":\"Comprar Ketamina Online Envios Espa\u00f1a Europa - Secundario AttCliente +34631823674 \u2013 Threema: JHXT6HHA \u2013 Nestor (English support) EMAIL SOS: panterarosa1772@gmail.com \u2013 Nestor- Pago con Criptomonedas &amp; Facil Rapido Seguro -\",\"description\":\"Comprar Ketamina Madrid, Donde pillar ketamina en madrid, comprar ketamina valencia, comprar ketamina en linea, comprar ketamina colombia, comprar ketamina holanda, comprar ketamina alicante, comprar ketamina paris, comprar ketamina albacete, comprar ketamina ceuta, comprar ketamina, ketamina buena, comprarketamina, donde pillar ketamina, ketamina en polvo, energy control ketamina, comprar ketamina holandesa, ketamina de la india, ketamina fresca, cocinar ketamina, como cocina ketamina, ketamina buena, ketamina tutorial, ketamina a bajo precio, ketamina isomerica, ketamina en gramo, la reina de la ketamina, ketamina a precio bueno, kilo de ketamina, 10 gramos de ketamina, 100 gramos de ketamina, pillar ketamina a domicilio, ketamina criptomonedas\",\"publisher\":{\"@id\":\"https:\/\/comprarketaminaonline.com\/#organization\"},\"potentialAction\":[{\"@type\":\"SearchAction\",\"target\":{\"@type\":\"EntryPoint\",\"urlTemplate\":\"https:\/\/comprarketaminaonline.com\/?s={search_term_string}\"},\"query-input\":{\"@type\":\"PropertyValueSpecification\",\"valueRequired\":true,\"valueName\":\"search_term_string\"}}],\"inLanguage\":\"es\"},{\"@type\":\"Organization\",\"@id\":\"https:\/\/comprarketaminaonline.com\/#organization\",\"name\":\"Comprar Ketamina Online Envios Espa\u00f1a Europa - Secundario AttCliente +34631823674 \u2013 Threema: JHXT6HHA \u2013 Nestor (English support) EMAIL SOS: panterarosa1772@gmail.com \u2013 Nestor- Pago con Criptomonedas &amp; Facil Rapido Seguro -\",\"url\":\"https:\/\/comprarketaminaonline.com\/\",\"logo\":{\"@type\":\"ImageObject\",\"inLanguage\":\"es\",\"@id\":\"https:\/\/comprarketaminaonline.com\/#\/schema\/logo\/image\/\",\"url\":\"https:\/\/comprarketaminaonline.com\/wp-content\/uploads\/2024\/05\/cropped-cropped-ketamine1-1-1.jpg\",\"contentUrl\":\"https:\/\/comprarketaminaonline.com\/wp-content\/uploads\/2024\/05\/cropped-cropped-ketamine1-1-1.jpg\",\"width\":512,\"height\":213,\"caption\":\"Comprar Ketamina Online Envios Espa\u00f1a Europa - Secundario AttCliente +34631823674 \u2013 Threema: JHXT6HHA \u2013 Nestor (English support) EMAIL SOS: panterarosa1772@gmail.com   \u2013 Nestor- Pago con Criptomonedas &amp; Facil Rapido Seguro -\"},\"image\":{\"@id\":\"https:\/\/comprarketaminaonline.com\/#\/schema\/logo\/image\/\"}}]}<\/script>\n<!-- \/ Yoast SEO plugin. -->","yoast_head_json":{"title":"metatags4 - Comprar Ketamina Online Envios Espa\u00f1a Europa - Secundario AttCliente +34631823674 \u2013 Threema: JHXT6HHA \u2013 Nestor (English support) EMAIL SOS: panterarosa1772@gmail.com \u2013 Nestor- Pago con Criptomonedas &amp; Facil Rapido Seguro -","description":"Viva la ketamina, ketamina pamplona, ketamina navarra, ketamina euskadi, ketamina barcelona, ketamina paris, ketamina andorra, ketamina murcia","robots":{"index":"index","follow":"follow","max-snippet":"max-snippet:-1","max-image-preview":"max-image-preview:large","max-video-preview":"max-video-preview:-1"},"canonical":"https:\/\/comprarketaminaonline.com\/index.php\/metatags4\/","og_locale":"es_ES","og_type":"article","og_title":"metatags4 - Comprar Ketamina Online Envios Espa\u00f1a Europa - Secundario AttCliente +34631823674 \u2013 Threema: JHXT6HHA \u2013 Nestor (English support) EMAIL SOS: panterarosa1772@gmail.com \u2013 Nestor- Pago con Criptomonedas &amp; Facil Rapido Seguro -","og_description":"Viva la ketamina, ketamina pamplona, ketamina navarra, ketamina euskadi, ketamina barcelona, ketamina paris, ketamina andorra, ketamina murcia","og_url":"https:\/\/comprarketaminaonline.com\/index.php\/metatags4\/","og_site_name":"Comprar Ketamina Online Envios Espa\u00f1a Europa - Secundario AttCliente +34631823674 \u2013 Threema: JHXT6HHA \u2013 Nestor (English support) EMAIL SOS: panterarosa1772@gmail.com \u2013 Nestor- Pago con Criptomonedas &amp; Facil Rapido Seguro -","og_image":[{"width":768,"height":512,"url":"https:\/\/comprarketaminaonline.com\/wp-content\/uploads\/2024\/05\/ketamine2.jpg","type":"image\/jpeg"}],"twitter_card":"summary_large_image","twitter_misc":{"Tiempo de lectura":"5 minutos"},"schema":{"@context":"https:\/\/schema.org","@graph":[{"@type":"WebPage","@id":"https:\/\/comprarketaminaonline.com\/index.php\/metatags4\/","url":"https:\/\/comprarketaminaonline.com\/index.php\/metatags4\/","name":"metatags4 - Comprar Ketamina Online Envios Espa\u00f1a Europa - Secundario AttCliente +34631823674 \u2013 Threema: JHXT6HHA \u2013 Nestor (English support) EMAIL SOS: panterarosa1772@gmail.com \u2013 Nestor- Pago con Criptomonedas &amp; Facil Rapido Seguro -","isPartOf":{"@id":"https:\/\/comprarketaminaonline.com\/#website"},"primaryImageOfPage":{"@id":"https:\/\/comprarketaminaonline.com\/index.php\/metatags4\/#primaryimage"},"image":{"@id":"https:\/\/comprarketaminaonline.com\/index.php\/metatags4\/#primaryimage"},"thumbnailUrl":"https:\/\/comprarketaminaonline.com\/wp-content\/uploads\/2024\/05\/ketamine2.jpg","datePublished":"2024-05-03T19:20:56+00:00","description":"Viva la ketamina, ketamina pamplona, ketamina navarra, ketamina euskadi, ketamina barcelona, ketamina paris, ketamina andorra, ketamina murcia","breadcrumb":{"@id":"https:\/\/comprarketaminaonline.com\/index.php\/metatags4\/#breadcrumb"},"inLanguage":"es","potentialAction":[{"@type":"ReadAction","target":["https:\/\/comprarketaminaonline.com\/index.php\/metatags4\/"]}]},{"@type":"ImageObject","inLanguage":"es","@id":"https:\/\/comprarketaminaonline.com\/index.php\/metatags4\/#primaryimage","url":"https:\/\/comprarketaminaonline.com\/wp-content\/uploads\/2024\/05\/ketamine2.jpg","contentUrl":"https:\/\/comprarketaminaonline.com\/wp-content\/uploads\/2024\/05\/ketamine2.jpg","width":768,"height":512},{"@type":"BreadcrumbList","@id":"https:\/\/comprarketaminaonline.com\/index.php\/metatags4\/#breadcrumb","itemListElement":[{"@type":"ListItem","position":1,"name":"Portada","item":"https:\/\/comprarketaminaonline.com\/"},{"@type":"ListItem","position":2,"name":"metatags4"}]},{"@type":"WebSite","@id":"https:\/\/comprarketaminaonline.com\/#website","url":"https:\/\/comprarketaminaonline.com\/","name":"Comprar Ketamina Online Envios Espa\u00f1a Europa - Secundario AttCliente +34631823674 \u2013 Threema: JHXT6HHA \u2013 Nestor (English support) EMAIL SOS: panterarosa1772@gmail.com \u2013 Nestor- Pago con Criptomonedas &amp; Facil Rapido Seguro -","description":"Comprar Ketamina Madrid, Donde pillar ketamina en madrid, comprar ketamina valencia, comprar ketamina en linea, comprar ketamina colombia, comprar ketamina holanda, comprar ketamina alicante, comprar ketamina paris, comprar ketamina albacete, comprar ketamina ceuta, comprar ketamina, ketamina buena, comprarketamina, donde pillar ketamina, ketamina en polvo, energy control ketamina, comprar ketamina holandesa, ketamina de la india, ketamina fresca, cocinar ketamina, como cocina ketamina, ketamina buena, ketamina tutorial, ketamina a bajo precio, ketamina isomerica, ketamina en gramo, la reina de la ketamina, ketamina a precio bueno, kilo de ketamina, 10 gramos de ketamina, 100 gramos de ketamina, pillar ketamina a domicilio, ketamina criptomonedas","publisher":{"@id":"https:\/\/comprarketaminaonline.com\/#organization"},"potentialAction":[{"@type":"SearchAction","target":{"@type":"EntryPoint","urlTemplate":"https:\/\/comprarketaminaonline.com\/?s={search_term_string}"},"query-input":{"@type":"PropertyValueSpecification","valueRequired":true,"valueName":"search_term_string"}}],"inLanguage":"es"},{"@type":"Organization","@id":"https:\/\/comprarketaminaonline.com\/#organization","name":"Comprar Ketamina Online Envios Espa\u00f1a Europa - Secundario AttCliente +34631823674 \u2013 Threema: JHXT6HHA \u2013 Nestor (English support) EMAIL SOS: panterarosa1772@gmail.com \u2013 Nestor- Pago con Criptomonedas &amp; Facil Rapido Seguro -","url":"https:\/\/comprarketaminaonline.com\/","logo":{"@type":"ImageObject","inLanguage":"es","@id":"https:\/\/comprarketaminaonline.com\/#\/schema\/logo\/image\/","url":"https:\/\/comprarketaminaonline.com\/wp-content\/uploads\/2024\/05\/cropped-cropped-ketamine1-1-1.jpg","contentUrl":"https:\/\/comprarketaminaonline.com\/wp-content\/uploads\/2024\/05\/cropped-cropped-ketamine1-1-1.jpg","width":512,"height":213,"caption":"Comprar Ketamina Online Envios Espa\u00f1a Europa - Secundario AttCliente +34631823674 \u2013 Threema: JHXT6HHA \u2013 Nestor (English support) EMAIL SOS: panterarosa1772@gmail.com   \u2013 Nestor- Pago con Criptomonedas &amp; Facil Rapido Seguro -"},"image":{"@id":"https:\/\/comprarketaminaonline.com\/#\/schema\/logo\/image\/"}}]}},"_links":{"self":[{"href":"https:\/\/comprarketaminaonline.com\/index.php\/wp-json\/wp\/v2\/pages\/25","targetHints":{"allow":["GET"]}}],"collection":[{"href":"https:\/\/comprarketaminaonline.com\/index.php\/wp-json\/wp\/v2\/pages"}],"about":[{"href":"https:\/\/comprarketaminaonline.com\/index.php\/wp-json\/wp\/v2\/types\/page"}],"author":[{"embeddable":true,"href":"https:\/\/comprarketaminaonline.com\/index.php\/wp-json\/wp\/v2\/users\/1"}],"replies":[{"embeddable":true,"href":"https:\/\/comprarketaminaonline.com\/index.php\/wp-json\/wp\/v2\/comments?post=25"}],"version-history":[{"count":1,"href":"https:\/\/comprarketaminaonline.com\/index.php\/wp-json\/wp\/v2\/pages\/25\/revisions"}],"predecessor-version":[{"id":26,"href":"https:\/\/comprarketaminaonline.com\/index.php\/wp-json\/wp\/v2\/pages\/25\/revisions\/26"}],"wp:featuredmedia":[{"embeddable":true,"href":"https:\/\/comprarketaminaonline.com\/index.php\/wp-json\/wp\/v2\/media\/10"}],"wp:attachment":[{"href":"https:\/\/comprarketaminaonline.com\/index.php\/wp-json\/wp\/v2\/media?parent=25"}],"curies":[{"name":"wp","href":"https:\/\/api.w.org\/{rel}","templated":true}]}}